{"id":112,"date":"2025-03-01T03:59:22","date_gmt":"2025-03-01T02:59:22","guid":{"rendered":"https:\/\/w4.orbidi.tech\/inicio\/"},"modified":"2025-09-09T19:47:23","modified_gmt":"2025-09-09T17:47:23","slug":"inicio","status":"publish","type":"page","link":"https:\/\/www.ttdo.pro\/en-uk\/","title":{"rendered":"Home"},"content":{"rendered":"<div data-elementor-type=\"wp-page\" data-elementor-id=\"112\" class=\"elementor elementor-112\" data-elementor-post-type=\"page\">\n\t\t\t\t<div class=\"elementor-element elementor-element-dd9b146 e-con-full e-flex e-con e-parent\" data-id=\"dd9b146\" data-element_type=\"container\" data-settings=\"{&quot;background_background&quot;:&quot;classic&quot;}\">\n\t\t<div class=\"elementor-element elementor-element-7a5d84e e-con-full e-flex e-con e-child\" data-id=\"7a5d84e\" data-element_type=\"container\" data-settings=\"{&quot;background_background&quot;:&quot;classic&quot;}\">\n\t\t<div class=\"elementor-element elementor-element-a5a136e e-con-full e-flex e-con e-child\" data-id=\"a5a136e\" data-element_type=\"container\" data-settings=\"{&quot;background_background&quot;:&quot;classic&quot;}\">\n\t\t\t\t<div class=\"elementor-element elementor-element-1471ab6 elementor-widget__width-initial elementor-widget-tablet__width-inherit elementor-widget elementor-widget-heading\" data-id=\"1471ab6\" data-element_type=\"widget\" data-widget_type=\"heading.default\">\n\t\t\t\t<div class=\"elementor-widget-container\">\n\t\t\t\t\t<h1 class=\"elementor-heading-title elementor-size-default\">Smart Clothing for Smart Businesses<\/h1>\t\t\t\t<\/div>\n\t\t\t\t<\/div>\n\t\t\t\t<\/div>\n\t\t\t\t<\/div>\n\t\t<div class=\"elementor-element elementor-element-03d375c e-con-full elementor-hidden-desktop elementor-hidden-tablet elementor-hidden-mobile e-flex e-con e-child\" data-id=\"03d375c\" data-element_type=\"container\" data-settings=\"{&quot;background_background&quot;:&quot;classic&quot;}\">\n\t\t<div class=\"elementor-element elementor-element-1baa7fd e-con-full e-flex e-con e-child\" data-id=\"1baa7fd\" data-element_type=\"container\">\n\t\t<div class=\"elementor-element elementor-element-e7f89ff e-con-full e-flex e-con e-child\" data-id=\"e7f89ff\" data-element_type=\"container\">\n\t\t\t\t<div class=\"elementor-element elementor-element-7c3f930 elementor-widget__width-initial elementor-widget elementor-widget-heading\" data-id=\"7c3f930\" data-element_type=\"widget\" data-widget_type=\"heading.default\">\n\t\t\t\t<div class=\"elementor-widget-container\">\n\t\t\t\t\t<div class=\"elementor-heading-title elementor-size-default\">Innovaci\u00f3n textil con visi\u00f3n industrial<\/div>\t\t\t\t<\/div>\n\t\t\t\t<\/div>\n\t\t\t\t<div class=\"elementor-element elementor-element-30bd675 elementor-widget__width-initial elementor-widget elementor-widget-text-editor\" data-id=\"30bd675\" data-element_type=\"widget\" data-widget_type=\"text-editor.default\">\n\t\t\t\t<div class=\"elementor-widget-container\">\n\t\t\t\t\t\t\t\t\tDesde nuestros inicios, trabajamos para llevar la tecnolog\u00eda textil al siguiente nivel. Creemos en la eficiencia, la sostenibilidad y el desarrollo continuo. Nuestro equipo est\u00e1 formado por expertos en ingenier\u00eda textil y digitalizaci\u00f3n. Cada proyecto nace de la escucha y la colaboraci\u00f3n con nuestros clientes.\t\t\t\t\t\t\t\t<\/div>\n\t\t\t\t<\/div>\n\t\t\t\t<\/div>\n\t\t\t\t<div class=\"elementor-element elementor-element-eaf3534 elementor-align-justify elementor-widget elementor-widget-button\" data-id=\"eaf3534\" data-element_type=\"widget\" data-widget_type=\"button.default\">\n\t\t\t\t<div class=\"elementor-widget-container\">\n\t\t\t\t\t\t\t\t\t<div class=\"elementor-button-wrapper\">\n\t\t\t\t\t<a class=\"elementor-button elementor-button-link elementor-size-sm\" href=\"https:\/\/www.ttdo.pro\/en-uk\/sobre-nosotros\/\">\n\t\t\t\t\t\t<span class=\"elementor-button-content-wrapper\">\n\t\t\t\t\t\t<span class=\"elementor-button-icon\">\n\t\t\t\t<svg xmlns=\"http:\/\/www.w3.org\/2000\/svg\" width=\"16\" height=\"17\" viewbox=\"0 0 16 17\" fill=\"none\"><path d=\"M6 12.5L10 8.5L6 4.5\" stroke=\"#0A2373\" stroke-width=\"2\" stroke-linecap=\"round\" stroke-linejoin=\"round\"><\/path><\/svg>\t\t\t<\/span>\n\t\t\t\t\t\t\t\t\t<span class=\"elementor-button-text\">Con\u00f3cenos mejor<\/span>\n\t\t\t\t\t<\/span>\n\t\t\t\t\t<\/a>\n\t\t\t\t<\/div>\n\t\t\t\t\t\t\t\t<\/div>\n\t\t\t\t<\/div>\n\t\t\t\t<\/div>\n\t\t<div class=\"elementor-element elementor-element-1ca4558 e-con-full e-flex e-con e-child\" data-id=\"1ca4558\" data-element_type=\"container\" data-settings=\"{&quot;background_background&quot;:&quot;classic&quot;}\">\n\t\t\t\t<\/div>\n\t\t\t\t<\/div>\n\t\t<div class=\"elementor-element elementor-element-02a941e e-con-full elementor-hidden-desktop elementor-hidden-tablet elementor-hidden-mobile e-flex e-con e-child\" data-id=\"02a941e\" data-element_type=\"container\" data-settings=\"{&quot;background_background&quot;:&quot;classic&quot;}\">\n\t\t<div class=\"elementor-element elementor-element-b762db5 e-con-full e-flex e-con e-child\" data-id=\"b762db5\" data-element_type=\"container\">\n\t\t\t\t<div class=\"elementor-element elementor-element-40433be elementor-widget__width-initial elementor-widget elementor-widget-heading\" data-id=\"40433be\" data-element_type=\"widget\" data-widget_type=\"heading.default\">\n\t\t\t\t<div class=\"elementor-widget-container\">\n\t\t\t\t\t<div class=\"elementor-heading-title elementor-size-default\">Soluciones textiles para tu industria<\/div>\t\t\t\t<\/div>\n\t\t\t\t<\/div>\n\t\t\t\t<div class=\"elementor-element elementor-element-2310c9a elementor-widget__width-initial elementor-widget elementor-widget-text-editor\" data-id=\"2310c9a\" data-element_type=\"widget\" data-widget_type=\"text-editor.default\">\n\t\t\t\t<div class=\"elementor-widget-container\">\n\t\t\t\t\t\t\t\t\tOfrecemos productos dise\u00f1ados para adaptarse a los retos de la industria moderna. Nuestros tejidos inteligentes se integran con tecnolog\u00eda y procesos existentes. Aportamos valor real con materiales que responden, detectan y protegen. Descubre c\u00f3mo nuestros servicios pueden mejorar tu productividad.\t\t\t\t\t\t\t\t<\/div>\n\t\t\t\t<\/div>\n\t\t\t\t<\/div>\n\t\t<div class=\"elementor-element elementor-element-c6910b4 e-con-full e-flex e-con e-child\" data-id=\"c6910b4\" data-element_type=\"container\">\n\t\t<div class=\"elementor-element elementor-element-174acfe e-con-full e-flex e-con e-child\" data-id=\"174acfe\" data-element_type=\"container\">\n\t\t<div class=\"elementor-element elementor-element-6119936 e-con-full e-flex e-con e-child\" data-id=\"6119936\" data-element_type=\"container\" data-settings=\"{&quot;background_background&quot;:&quot;classic&quot;}\">\n\t\t\t\t<\/div>\n\t\t<div class=\"elementor-element elementor-element-4e10787 e-con-full e-flex e-con e-child\" data-id=\"4e10787\" data-element_type=\"container\">\n\t\t\t\t<div class=\"elementor-element elementor-element-554772f elementor-widget__width-initial elementor-widget elementor-widget-heading\" data-id=\"554772f\" data-element_type=\"widget\" data-widget_type=\"heading.default\">\n\t\t\t\t<div class=\"elementor-widget-container\">\n\t\t\t\t\t<div class=\"elementor-heading-title elementor-size-default\">Tejido inteligente reactivo<\/div>\t\t\t\t<\/div>\n\t\t\t\t<\/div>\n\t\t\t\t<div class=\"elementor-element elementor-element-2b94366 elementor-widget__width-initial elementor-widget elementor-widget-heading\" data-id=\"2b94366\" data-element_type=\"widget\" data-widget_type=\"heading.default\">\n\t\t\t\t<div class=\"elementor-widget-container\">\n\t\t\t\t\t<div class=\"elementor-heading-title elementor-size-default\">Desde 48 \u20ac\/m\u00b2<\/div>\t\t\t\t<\/div>\n\t\t\t\t<\/div>\n\t\t\t\t<\/div>\n\t\t\t\t<div class=\"elementor-element elementor-element-bf4eff8 elementor-widget__width-initial elementor-widget elementor-widget-heading\" data-id=\"bf4eff8\" data-element_type=\"widget\" data-widget_type=\"heading.default\">\n\t\t\t\t<div class=\"elementor-widget-container\">\n\t\t\t\t\t<div class=\"elementor-heading-title elementor-size-default\">Sensores integrados para procesos industriales automatizados.<\/div>\t\t\t\t<\/div>\n\t\t\t\t<\/div>\n\t\t\t\t<\/div>\n\t\t<div class=\"elementor-element elementor-element-2e05c17 e-con-full e-flex e-con e-child\" data-id=\"2e05c17\" data-element_type=\"container\">\n\t\t<div class=\"elementor-element elementor-element-edc1def e-con-full e-flex e-con e-child\" data-id=\"edc1def\" data-element_type=\"container\" data-settings=\"{&quot;background_background&quot;:&quot;classic&quot;}\">\n\t\t\t\t<\/div>\n\t\t<div class=\"elementor-element elementor-element-802bfa8 e-con-full e-flex e-con e-child\" data-id=\"802bfa8\" data-element_type=\"container\">\n\t\t\t\t<div class=\"elementor-element elementor-element-d085eb7 elementor-widget__width-initial elementor-widget elementor-widget-heading\" data-id=\"d085eb7\" data-element_type=\"widget\" data-widget_type=\"heading.default\">\n\t\t\t\t<div class=\"elementor-widget-container\">\n\t\t\t\t\t<div class=\"elementor-heading-title elementor-size-default\">Tejido t\u00e9cnico resistente<\/div>\t\t\t\t<\/div>\n\t\t\t\t<\/div>\n\t\t\t\t<div class=\"elementor-element elementor-element-6e225e7 elementor-widget__width-initial elementor-widget elementor-widget-heading\" data-id=\"6e225e7\" data-element_type=\"widget\" data-widget_type=\"heading.default\">\n\t\t\t\t<div class=\"elementor-widget-container\">\n\t\t\t\t\t<div class=\"elementor-heading-title elementor-size-default\">Desde 35 \u20ac\/m\u00b2<\/div>\t\t\t\t<\/div>\n\t\t\t\t<\/div>\n\t\t\t\t<\/div>\n\t\t\t\t<div class=\"elementor-element elementor-element-90e36c5 elementor-widget__width-initial elementor-widget elementor-widget-heading\" data-id=\"90e36c5\" data-element_type=\"widget\" data-widget_type=\"heading.default\">\n\t\t\t\t<div class=\"elementor-widget-container\">\n\t\t\t\t\t<div class=\"elementor-heading-title elementor-size-default\">Materiales preparados para condiciones exigentes y entornos extremos.<\/div>\t\t\t\t<\/div>\n\t\t\t\t<\/div>\n\t\t\t\t<\/div>\n\t\t<div class=\"elementor-element elementor-element-d070585 e-con-full e-flex e-con e-child\" data-id=\"d070585\" data-element_type=\"container\">\n\t\t<div class=\"elementor-element elementor-element-e175534 e-con-full e-flex e-con e-child\" data-id=\"e175534\" data-element_type=\"container\" data-settings=\"{&quot;background_background&quot;:&quot;classic&quot;}\">\n\t\t\t\t<\/div>\n\t\t<div class=\"elementor-element elementor-element-5bae82d e-con-full e-flex e-con e-child\" data-id=\"5bae82d\" data-element_type=\"container\">\n\t\t\t\t<div class=\"elementor-element elementor-element-70d4f19 elementor-widget__width-initial elementor-widget elementor-widget-heading\" data-id=\"70d4f19\" data-element_type=\"widget\" data-widget_type=\"heading.default\">\n\t\t\t\t<div class=\"elementor-widget-container\">\n\t\t\t\t\t<div class=\"elementor-heading-title elementor-size-default\">Desarrollo textil personalizado<\/div>\t\t\t\t<\/div>\n\t\t\t\t<\/div>\n\t\t\t\t<div class=\"elementor-element elementor-element-4fac2cc elementor-widget__width-initial elementor-widget elementor-widget-heading\" data-id=\"4fac2cc\" data-element_type=\"widget\" data-widget_type=\"heading.default\">\n\t\t\t\t<div class=\"elementor-widget-container\">\n\t\t\t\t\t<div class=\"elementor-heading-title elementor-size-default\">1.200 \u20ac<\/div>\t\t\t\t<\/div>\n\t\t\t\t<\/div>\n\t\t\t\t<\/div>\n\t\t\t\t<div class=\"elementor-element elementor-element-65d84cb elementor-widget__width-initial elementor-widget elementor-widget-text-editor\" data-id=\"65d84cb\" data-element_type=\"widget\" data-widget_type=\"text-editor.default\">\n\t\t\t\t<div class=\"elementor-widget-container\">\n\t\t\t\t\t\t\t\t\tDise\u00f1o y producci\u00f3n adaptados a las necesidades espec\u00edficas de tu f\u00e1brica.\t\t\t\t\t\t\t\t<\/div>\n\t\t\t\t<\/div>\n\t\t\t\t<\/div>\n\t\t\t\t<\/div>\n\t\t\t\t<div class=\"elementor-element elementor-element-8d9b6f4 elementor-align-justify elementor-widget elementor-widget-button\" data-id=\"8d9b6f4\" data-element_type=\"widget\" data-widget_type=\"button.default\">\n\t\t\t\t<div class=\"elementor-widget-container\">\n\t\t\t\t\t\t\t\t\t<div class=\"elementor-button-wrapper\">\n\t\t\t\t\t<a class=\"elementor-button elementor-button-link elementor-size-sm\" href=\"https:\/\/www.ttdo.pro\/en-uk\/tienda-2\/\">\n\t\t\t\t\t\t<span class=\"elementor-button-content-wrapper\">\n\t\t\t\t\t\t<span class=\"elementor-button-icon\">\n\t\t\t\t<svg xmlns=\"http:\/\/www.w3.org\/2000\/svg\" width=\"17\" height=\"17\" viewbox=\"0 0 17 17\" fill=\"none\"><path d=\"M6.5 12.5L10.5 8.5L6.5 4.5\" stroke=\"#0A2373\" stroke-width=\"2\" stroke-linecap=\"round\" stroke-linejoin=\"round\"><\/path><\/svg>\t\t\t<\/span>\n\t\t\t\t\t\t\t\t\t<span class=\"elementor-button-text\">Ver tienda<\/span>\n\t\t\t\t\t<\/span>\n\t\t\t\t\t<\/a>\n\t\t\t\t<\/div>\n\t\t\t\t\t\t\t\t<\/div>\n\t\t\t\t<\/div>\n\t\t\t\t<\/div>\n\t\t<div class=\"elementor-element elementor-element-c155505 e-con-full elementor-hidden-desktop elementor-hidden-tablet elementor-hidden-mobile e-flex e-con e-child\" data-id=\"c155505\" data-element_type=\"container\" data-settings=\"{&quot;background_background&quot;:&quot;classic&quot;}\">\n\t\t<div class=\"elementor-element elementor-element-64c0fc5 e-con-full e-flex e-con e-child\" data-id=\"64c0fc5\" data-element_type=\"container\">\n\t\t\t\t<div class=\"elementor-element elementor-element-6fdd379 elementor-widget__width-initial elementor-widget elementor-widget-heading\" data-id=\"6fdd379\" data-element_type=\"widget\" data-widget_type=\"heading.default\">\n\t\t\t\t<div class=\"elementor-widget-container\">\n\t\t\t\t\t<div class=\"elementor-heading-title elementor-size-default\">Trabajamos con visi\u00f3n, rigor y compromiso<\/div>\t\t\t\t<\/div>\n\t\t\t\t<\/div>\n\t\t\t\t<div class=\"elementor-element elementor-element-46f1d09 elementor-widget__width-initial elementor-widget elementor-widget-text-editor\" data-id=\"46f1d09\" data-element_type=\"widget\" data-widget_type=\"text-editor.default\">\n\t\t\t\t<div class=\"elementor-widget-container\">\n\t\t\t\t\t\t\t\t\tNos mueve la b\u00fasqueda constante de soluciones \u00fatiles, eficientes y sostenibles. Nos comprometemos con cada cliente desde la calidad y la innovaci\u00f3n. Nuestro trabajo nace de la investigaci\u00f3n y la mejora continua. Queremos crecer contigo, conectando tecnolog\u00eda y tejido.\t\t\t\t\t\t\t\t<\/div>\n\t\t\t\t<\/div>\n\t\t\t\t<\/div>\n\t\t<div class=\"elementor-element elementor-element-32c13c3 e-con-full e-flex e-con e-child\" data-id=\"32c13c3\" data-element_type=\"container\">\n\t\t<div class=\"elementor-element elementor-element-4abece7 e-con-full e-flex e-con e-child\" data-id=\"4abece7\" data-element_type=\"container\">\n\t\t\t\t<div class=\"elementor-element elementor-element-e0c5d93 elementor-widget elementor-widget-image\" data-id=\"e0c5d93\" data-element_type=\"widget\" data-widget_type=\"image.default\">\n\t\t\t\t<div class=\"elementor-widget-container\">\n\t\t\t\t\t\t\t\t\t\t\t\t\t\t\t<img decoding=\"async\" width=\"61\" height=\"60\" src=\"https:\/\/www.ttdo.tech\/wp-content\/uploads\/2025\/04\/9f2c3cb1930584ac71b51e57b32d4f37-1.svg\" class=\"attachment-full size-full wp-image-288\" alt=\"\" \/>\t\t\t\t\t\t\t\t\t\t\t\t\t\t\t<\/div>\n\t\t\t\t<\/div>\n\t\t\t\t<div class=\"elementor-element elementor-element-eb06648 elementor-widget__width-initial elementor-widget elementor-widget-heading\" data-id=\"eb06648\" data-element_type=\"widget\" data-widget_type=\"heading.default\">\n\t\t\t\t<div class=\"elementor-widget-container\">\n\t\t\t\t\t<div class=\"elementor-heading-title elementor-size-default\">Innovaci\u00f3n aplicada<\/div>\t\t\t\t<\/div>\n\t\t\t\t<\/div>\n\t\t\t\t<div class=\"elementor-element elementor-element-8770729 elementor-widget__width-initial elementor-widget elementor-widget-text-editor\" data-id=\"8770729\" data-element_type=\"widget\" data-widget_type=\"text-editor.default\">\n\t\t\t\t<div class=\"elementor-widget-container\">\n\t\t\t\t\t\t\t\t\tDesarrollamos productos con base tecnol\u00f3gica que responden a problemas reales del sector.\t\t\t\t\t\t\t\t<\/div>\n\t\t\t\t<\/div>\n\t\t\t\t<\/div>\n\t\t<div class=\"elementor-element elementor-element-8ecc388 e-con-full e-flex e-con e-child\" data-id=\"8ecc388\" data-element_type=\"container\">\n\t\t\t\t<div class=\"elementor-element elementor-element-7000def elementor-widget elementor-widget-image\" data-id=\"7000def\" data-element_type=\"widget\" data-widget_type=\"image.default\">\n\t\t\t\t<div class=\"elementor-widget-container\">\n\t\t\t\t\t\t\t\t\t\t\t\t\t\t\t<img decoding=\"async\" width=\"60\" height=\"60\" src=\"https:\/\/www.ttdo.tech\/wp-content\/uploads\/2025\/04\/a078486df0d1b21ea55b3bd38c82fbcc-1.svg\" class=\"attachment-full size-full wp-image-289\" alt=\"\" \/>\t\t\t\t\t\t\t\t\t\t\t\t\t\t\t<\/div>\n\t\t\t\t<\/div>\n\t\t\t\t<div class=\"elementor-element elementor-element-1c0dc1c elementor-widget__width-initial elementor-widget elementor-widget-heading\" data-id=\"1c0dc1c\" data-element_type=\"widget\" data-widget_type=\"heading.default\">\n\t\t\t\t<div class=\"elementor-widget-container\">\n\t\t\t\t\t<div class=\"elementor-heading-title elementor-size-default\">Precisi\u00f3n industrial<\/div>\t\t\t\t<\/div>\n\t\t\t\t<\/div>\n\t\t\t\t<div class=\"elementor-element elementor-element-6f23d40 elementor-widget__width-initial elementor-widget elementor-widget-text-editor\" data-id=\"6f23d40\" data-element_type=\"widget\" data-widget_type=\"text-editor.default\">\n\t\t\t\t<div class=\"elementor-widget-container\">\n\t\t\t\t\t\t\t\t\tCada tejido est\u00e1 dise\u00f1ado para cumplir con los m\u00e1s altos est\u00e1ndares de rendimiento.\t\t\t\t\t\t\t\t<\/div>\n\t\t\t\t<\/div>\n\t\t\t\t<\/div>\n\t\t<div class=\"elementor-element elementor-element-0887e0f e-con-full e-flex e-con e-child\" data-id=\"0887e0f\" data-element_type=\"container\">\n\t\t\t\t<div class=\"elementor-element elementor-element-197782f elementor-widget elementor-widget-image\" data-id=\"197782f\" data-element_type=\"widget\" data-widget_type=\"image.default\">\n\t\t\t\t<div class=\"elementor-widget-container\">\n\t\t\t\t\t\t\t\t\t\t\t\t\t\t\t<img decoding=\"async\" width=\"61\" height=\"60\" src=\"https:\/\/www.ttdo.tech\/wp-content\/uploads\/2025\/04\/089dacba8fd73e8a357d624241ee7e6b-1.svg\" class=\"attachment-full size-full wp-image-290\" alt=\"\" \/>\t\t\t\t\t\t\t\t\t\t\t\t\t\t\t<\/div>\n\t\t\t\t<\/div>\n\t\t\t\t<div class=\"elementor-element elementor-element-6589aee elementor-widget__width-initial elementor-widget elementor-widget-heading\" data-id=\"6589aee\" data-element_type=\"widget\" data-widget_type=\"heading.default\">\n\t\t\t\t<div class=\"elementor-widget-container\">\n\t\t\t\t\t<div class=\"elementor-heading-title elementor-size-default\">Compromiso a largo plazo<\/div>\t\t\t\t<\/div>\n\t\t\t\t<\/div>\n\t\t\t\t<div class=\"elementor-element elementor-element-2c66baa elementor-widget__width-initial elementor-widget elementor-widget-text-editor\" data-id=\"2c66baa\" data-element_type=\"widget\" data-widget_type=\"text-editor.default\">\n\t\t\t\t<div class=\"elementor-widget-container\">\n\t\t\t\t\t\t\t\t\tApostamos por relaciones duraderas, transparentes y centradas en la evoluci\u00f3n del cliente.\t\t\t\t\t\t\t\t<\/div>\n\t\t\t\t<\/div>\n\t\t\t\t<\/div>\n\t\t\t\t<\/div>\n\t\t\t\t<\/div>\n\t\t\t\t<\/div>\n\t\t\t\t<\/div>","protected":false},"excerpt":{"rendered":"<p>Tejidos Inteligentes para Empresas Inteligentes Innovaci\u00f3n textil con visi\u00f3n industrial Desde nuestros inicios, trabajamos para llevar la tecnolog\u00eda textil al siguiente nivel. Creemos en la eficiencia, la sostenibilidad y el desarrollo continuo. Nuestro equipo est\u00e1 formado por expertos en ingenier\u00eda textil y digitalizaci\u00f3n. Cada proyecto nace de la escucha y la colaboraci\u00f3n con nuestros clientes. [&hellip;]<\/p>","protected":false},"author":1,"featured_media":0,"parent":0,"menu_order":0,"comment_status":"closed","ping_status":"closed","template":"elementor_header_footer","meta":{"footnotes":""},"class_list":["post-112","page","type-page","status-publish","hentry"],"_links":{"self":[{"href":"https:\/\/www.ttdo.pro\/en-uk\/wp-json\/wp\/v2\/pages\/112","targetHints":{"allow":["GET"]}}],"collection":[{"href":"https:\/\/www.ttdo.pro\/en-uk\/wp-json\/wp\/v2\/pages"}],"about":[{"href":"https:\/\/www.ttdo.pro\/en-uk\/wp-json\/wp\/v2\/types\/page"}],"author":[{"embeddable":true,"href":"https:\/\/www.ttdo.pro\/en-uk\/wp-json\/wp\/v2\/users\/1"}],"replies":[{"embeddable":true,"href":"https:\/\/www.ttdo.pro\/en-uk\/wp-json\/wp\/v2\/comments?post=112"}],"version-history":[{"count":67,"href":"https:\/\/www.ttdo.pro\/en-uk\/wp-json\/wp\/v2\/pages\/112\/revisions"}],"predecessor-version":[{"id":1447,"href":"https:\/\/www.ttdo.pro\/en-uk\/wp-json\/wp\/v2\/pages\/112\/revisions\/1447"}],"wp:attachment":[{"href":"https:\/\/www.ttdo.pro\/en-uk\/wp-json\/wp\/v2\/media?parent=112"}],"curies":[{"name":"wp","href":"https:\/\/api.w.org\/{rel}","templated":true}]}}