{"id":118,"date":"2025-03-01T03:59:22","date_gmt":"2025-03-01T02:59:22","guid":{"rendered":"https:\/\/w4.orbidi.tech\/contacto\/"},"modified":"2025-10-22T16:46:11","modified_gmt":"2025-10-22T14:46:11","slug":"contacto","status":"publish","type":"page","link":"https:\/\/www.ttdo.pro\/en-uk\/contacto\/","title":{"rendered":"Contact"},"content":{"rendered":"<div data-elementor-type=\"wp-page\" data-elementor-id=\"118\" class=\"elementor elementor-118\" data-elementor-post-type=\"page\">\n\t\t\t\t<div class=\"elementor-element elementor-element-4e1baf1 e-con-full e-flex e-con e-parent\" data-id=\"4e1baf1\" data-element_type=\"container\" data-settings=\"{&quot;background_background&quot;:&quot;classic&quot;}\">\n\t\t<div class=\"elementor-element elementor-element-95964a7 e-con-full e-flex e-con e-child\" data-id=\"95964a7\" data-element_type=\"container\" data-settings=\"{&quot;background_background&quot;:&quot;classic&quot;}\">\n\t\t\t\t<div class=\"elementor-element elementor-element-ae0cfce elementor-widget__width-initial elementor-widget-tablet__width-inherit elementor-widget elementor-widget-heading\" data-id=\"ae0cfce\" data-element_type=\"widget\" data-widget_type=\"heading.default\">\n\t\t\t\t<div class=\"elementor-widget-container\">\n\t\t\t\t\t<h1 class=\"elementor-heading-title elementor-size-default\">CONTACT US<\/h1>\t\t\t\t<\/div>\n\t\t\t\t<\/div>\n\t\t\t\t<div class=\"elementor-element elementor-element-5ab159c elementor-widget__width-initial elementor-hidden-tablet elementor-hidden-mobile elementor-widget elementor-widget-text-editor\" data-id=\"5ab159c\" data-element_type=\"widget\" data-widget_type=\"text-editor.default\">\n\t\t\t\t<div class=\"elementor-widget-container\">\n\t\t\t\t\t\t\t\t\t<p>Estamos a tu disposici\u00f3n para resolver dudas ofrecer asesoramiento t\u00e9cnico o iniciar un nuevo proyecto en<br \/>tejido inteligente cu\u00e9ntanos qu\u00e9 necesitas y te responderemos con rapidez.<\/p>\t\t\t\t\t\t\t\t<\/div>\n\t\t\t\t<\/div>\n\t\t\t\t<div class=\"elementor-element elementor-element-1b54184 elementor-widget__width-initial elementor-hidden-desktop elementor-widget-mobile__width-initial elementor-widget elementor-widget-text-editor\" data-id=\"1b54184\" data-element_type=\"widget\" data-widget_type=\"text-editor.default\">\n\t\t\t\t<div class=\"elementor-widget-container\">\n\t\t\t\t\t\t\t\t\t<p>Estamos a tu disposici\u00f3n para resolver dudas ofrecer asesoramiento t\u00e9cnico o iniciar un nuevo proyecto en tejido inteligente cu\u00e9ntanos qu\u00e9 necesitas y te responderemos con rapidez.<\/p>\t\t\t\t\t\t\t\t<\/div>\n\t\t\t\t<\/div>\n\t\t\t\t<\/div>\n\t\t\t\t<\/div>\n\t\t<div class=\"elementor-element elementor-element-dd0820d e-con-full e-flex e-con e-child\" data-id=\"dd0820d\" data-element_type=\"container\" data-settings=\"{&quot;background_background&quot;:&quot;classic&quot;}\">\n\t\t<div class=\"elementor-element elementor-element-bf01051 e-con-full e-flex e-con e-child\" data-id=\"bf01051\" data-element_type=\"container\">\n\t\t<a class=\"elementor-element elementor-element-d300e35 e-con-full e-flex e-con e-child\" data-id=\"d300e35\" data-element_type=\"container\" data-settings=\"{&quot;background_background&quot;:&quot;classic&quot;}\" href=\"mailto:ttdo@ttdo.tech\">\n\t\t\t\t<div class=\"elementor-element elementor-element-0588522 elementor-widget elementor-widget-icon-box\" data-id=\"0588522\" data-element_type=\"widget\" data-widget_type=\"icon-box.default\">\n\t\t\t\t<div class=\"elementor-widget-container\">\n\t\t\t\t\t\t\t<div class=\"elementor-icon-box-wrapper\">\n\n\t\t\t\n\t\t\t\t\t\t<div class=\"elementor-icon-box-content\">\n\n\t\t\t\t\t\t\t\t\t<h2 class=\"elementor-icon-box-title\">\n\t\t\t\t\t\t<span  >\n\t\t\t\t\t\t\tEmail\t\t\t\t\t\t<\/span>\n\t\t\t\t\t<\/h2>\n\t\t\t\t\n\t\t\t\t\t\t\t\t\t<p class=\"elementor-icon-box-description\">\n\t\t\t\t\t\tttdo@ttdo.tech\t\t\t\t\t<\/p>\n\t\t\t\t\n\t\t\t<\/div>\n\t\t\t\n\t\t<\/div>\n\t\t\t\t\t\t<\/div>\n\t\t\t\t<\/div>\n\t\t\t\t<\/a>\n\t\t<a class=\"elementor-element elementor-element-3e3845d e-con-full e-flex e-con e-child\" data-id=\"3e3845d\" data-element_type=\"container\" data-settings=\"{&quot;background_background&quot;:&quot;classic&quot;}\" href=\"tel:+34671783173\">\n\t\t\t\t<div class=\"elementor-element elementor-element-c486934 elementor-widget elementor-widget-icon-box\" data-id=\"c486934\" data-element_type=\"widget\" data-widget_type=\"icon-box.default\">\n\t\t\t\t<div class=\"elementor-widget-container\">\n\t\t\t\t\t\t\t<div class=\"elementor-icon-box-wrapper\">\n\n\t\t\t\n\t\t\t\t\t\t<div class=\"elementor-icon-box-content\">\n\n\t\t\t\t\t\t\t\t\t<h2 class=\"elementor-icon-box-title\">\n\t\t\t\t\t\t<span  >\n\t\t\t\t\t\t\tPhone\t\t\t\t\t\t<\/span>\n\t\t\t\t\t<\/h2>\n\t\t\t\t\n\t\t\t\t\t\t\t\t\t<p class=\"elementor-icon-box-description\">\n\t\t\t\t\t\t+34 671 783 173\t\t\t\t\t<\/p>\n\t\t\t\t\n\t\t\t<\/div>\n\t\t\t\n\t\t<\/div>\n\t\t\t\t\t\t<\/div>\n\t\t\t\t<\/div>\n\t\t\t\t<\/a>\n\t\t\t\t<\/div>\n\t\t<div class=\"elementor-element elementor-element-8f4d20d e-con-full e-flex e-con e-child\" data-id=\"8f4d20d\" data-element_type=\"container\">\n\t\t\t\t<div class=\"elementor-element elementor-element-e590c80 elementor-button-align-start elementor-tablet-button-align-center elementor-widget elementor-widget-form\" data-id=\"e590c80\" data-element_type=\"widget\" data-settings=\"{&quot;step_next_label&quot;:&quot;Siguiente&quot;,&quot;step_previous_label&quot;:&quot;Anterior&quot;,&quot;button_width_tablet&quot;:&quot;100&quot;,&quot;button_width&quot;:&quot;100&quot;,&quot;step_type&quot;:&quot;number_text&quot;,&quot;step_icon_shape&quot;:&quot;circle&quot;}\" data-widget_type=\"form.default\">\n\t\t\t\t<div class=\"elementor-widget-container\">\n\t\t\t\t\t\t\t<form class=\"elementor-form\" method=\"post\" name=\"Nuevo formulario\" aria-label=\"Nuevo formulario\" action=\"\">\n\t\t\t<input type=\"hidden\" name=\"post_id\" value=\"118\"\/>\n\t\t\t<input type=\"hidden\" name=\"form_id\" value=\"e590c80\"\/>\n\t\t\t<input type=\"hidden\" name=\"referer_title\" value=\"Contacto | TECHNO TEXTILE DOMAINS\" \/>\n\n\t\t\t\t\t\t\t<input type=\"hidden\" name=\"queried_id\" value=\"118\"\/>\n\t\t\t\n\t\t\t<div class=\"elementor-form-fields-wrapper elementor-labels-above\">\n\t\t\t\t\t\t\t\t<div class=\"elementor-field-type-text elementor-field-group elementor-column elementor-field-group-name elementor-col-100\">\n\t\t\t\t\t\t\t\t\t\t\t\t<label for=\"form-field-name\" class=\"elementor-field-label\">\n\t\t\t\t\t\t\t\tFull name\t\t\t\t\t\t\t<\/label>\n\t\t\t\t\t\t\t\t\t\t\t\t\t\t<input size=\"1\" type=\"text\" name=\"form_fields[name]\" id=\"form-field-name\" class=\"elementor-field elementor-size-sm  elementor-field-textual\">\n\t\t\t\t\t\t\t\t\t\t\t<\/div>\n\t\t\t\t\t\t\t\t<div class=\"elementor-field-type-email elementor-field-group elementor-column elementor-field-group-email elementor-col-50 elementor-field-required\">\n\t\t\t\t\t\t\t\t\t\t\t\t<label for=\"form-field-email\" class=\"elementor-field-label\">\n\t\t\t\t\t\t\t\tEmail\t\t\t\t\t\t\t<\/label>\n\t\t\t\t\t\t\t\t\t\t\t\t\t\t<input size=\"1\" type=\"email\" name=\"form_fields[email]\" id=\"form-field-email\" class=\"elementor-field elementor-size-sm  elementor-field-textual\" required=\"required\">\n\t\t\t\t\t\t\t\t\t\t\t<\/div>\n\t\t\t\t\t\t\t\t<div class=\"elementor-field-type-tel elementor-field-group elementor-column elementor-field-group-field_6972821 elementor-col-50 elementor-field-required\">\n\t\t\t\t\t\t\t\t\t\t\t\t<label for=\"form-field-field_6972821\" class=\"elementor-field-label\">\n\t\t\t\t\t\t\t\tPhone\t\t\t\t\t\t\t<\/label>\n\t\t\t\t\t\t\t\t<input size=\"1\" type=\"tel\" name=\"form_fields[field_6972821]\" id=\"form-field-field_6972821\" class=\"elementor-field elementor-size-sm  elementor-field-textual\" placeholder=\"+34\" required=\"required\" pattern=\"[0-9()#&amp;+*-=.]+\" title=\"Solo se aceptan n\u00fameros y caracteres de tel\u00e9fono (#,-,*,etc).\">\n\n\t\t\t\t\t\t<\/div>\n\t\t\t\t\t\t\t\t<div class=\"elementor-field-type-textarea elementor-field-group elementor-column elementor-field-group-message elementor-col-100\">\n\t\t\t\t\t\t\t\t\t\t\t\t<label for=\"form-field-message\" class=\"elementor-field-label\">\n\t\t\t\t\t\t\t\tMessage\t\t\t\t\t\t\t<\/label>\n\t\t\t\t\t\t<textarea class=\"elementor-field-textual elementor-field  elementor-size-sm\" name=\"form_fields[message]\" id=\"form-field-message\" rows=\"4\"><\/textarea>\t\t\t\t<\/div>\n\t\t\t\t\t\t\t\t<div class=\"elementor-field-type-acceptance elementor-field-group elementor-column elementor-field-group-field_1dcfa08 elementor-col-100\">\n\t\t\t\t\t\t\t<div class=\"elementor-field-subgroup\">\n\t\t\t<span class=\"elementor-field-option\">\n\t\t\t\t<input type=\"checkbox\" name=\"form_fields[field_1dcfa08]\" id=\"form-field-field_1dcfa08\" class=\"elementor-field elementor-size-sm  elementor-acceptance-field\">\n\t\t\t\t<label for=\"form-field-field_1dcfa08\">I have read the Privacy Policy and I agree to the processing of my personal data for the purpose of handling this request.*<\/label>\t\t\t<\/span>\n\t\t<\/div>\n\t\t\t\t\t\t<\/div>\n\t\t\t\t\t\t\t\t<div class=\"elementor-field-group elementor-column elementor-field-type-submit elementor-col-100 e-form__buttons elementor-md-100\">\n\t\t\t\t\t<button class=\"elementor-button elementor-size-sm\" type=\"submit\">\n\t\t\t\t\t\t<span class=\"elementor-button-content-wrapper\">\n\t\t\t\t\t\t\t\t\t\t\t\t\t\t\t<span class=\"elementor-button-icon\">\n\t\t\t\t\t\t\t\t\t<svg aria-hidden=\"true\" class=\"e-font-icon-svg e-fas-angle-right\" viewbox=\"0 0 256 512\" xmlns=\"http:\/\/www.w3.org\/2000\/svg\"><path d=\"M224.3 273l-136 136c-9.4 9.4-24.6 9.4-33.9 0l-22.6-22.6c-9.4-9.4-9.4-24.6 0-33.9l96.4-96.4-96.4-96.4c-9.4-9.4-9.4-24.6 0-33.9L54.3 103c9.4-9.4 24.6-9.4 33.9 0l136 136c9.5 9.4 9.5 24.6.1 34z\"><\/path><\/svg>\t\t\t\t\t\t\t\t\t\t\t\t\t\t\t\t\t<\/span>\n\t\t\t\t\t\t\t\t\t\t\t\t\t\t\t\t\t\t\t\t\t\t<span class=\"elementor-button-text\">Book Now <\/span>\n\t\t\t\t\t\t\t\t\t\t\t\t\t<\/span>\n\t\t\t\t\t<\/button>\n\t\t\t\t<\/div>\n\t\t\t<\/div>\n\t\t<input type=\"hidden\" name=\"trp-form-language\" value=\"en-uk\"\/><\/form>\n\t\t\t\t\t\t<\/div>\n\t\t\t\t<\/div>\n\t\t\t\t<\/div>\n\t\t\t\t<\/div>\n\t\t<div class=\"elementor-element elementor-element-addf11d e-con-full e-flex e-con e-child\" data-id=\"addf11d\" data-element_type=\"container\" data-settings=\"{&quot;background_background&quot;:&quot;classic&quot;}\">\n\t\t<div class=\"elementor-element elementor-element-5fa7d82 e-con-full e-flex e-con e-child\" data-id=\"5fa7d82\" data-element_type=\"container\">\n\t\t\t\t<div class=\"elementor-element elementor-element-c888ba7 elementor-widget__width-initial elementor-widget elementor-widget-heading\" data-id=\"c888ba7\" data-element_type=\"widget\" data-widget_type=\"heading.default\">\n\t\t\t\t<div class=\"elementor-widget-container\">\n\t\t\t\t\t<h2 class=\"elementor-heading-title elementor-size-default\">Book a meeting<\/h2>\t\t\t\t<\/div>\n\t\t\t\t<\/div>\n\t\t\t\t<div class=\"elementor-element elementor-element-63e8124 elementor-widget elementor-widget-jet-engine-booking-form\" data-id=\"63e8124\" data-element_type=\"widget\" data-widget_type=\"jet-engine-booking-form.default\">\n\t\t\t\t<div class=\"elementor-widget-container\">\n\t\t\t\t\t<form  class=\"jet-form layout-column submit-type-reload\" action=\"\/en-uk\/wp-json\/wp\/v2\/pages\/118?jet_engine_action=book&#038;nocache=1776387700\" method=\"POST\" data-form-id=\"722\" data-trp-original-action=\"\/en-uk\/wp-json\/wp\/v2\/pages\/118?jet_engine_action=book&#038;nocache=1776387700\"><input class=\"jet-form__field hidden-field\" type=\"hidden\" name=\"_jet_engine_booking_form_id\" value=\"722\" data-field-name=\"_jet_engine_booking_form_id\"><input class=\"jet-form__field hidden-field\" type=\"hidden\" name=\"_jet_engine_refer\" value=\"https:\/\/www.ttdo.pro\/en-uk\/wp-json\/wp\/v2\/pages\/118\" data-field-name=\"_jet_engine_refer\"><div  class=\"jet-form-row jet-form-row--hidden\"><div class=\"jet-form-col jet-form-col-12  field-type-hidden  jet-form-field-container\" data-field=\"page_id\" data-conditional=\"false\"><input class=\"jet-form__field hidden-field\" type=\"hidden\" name=\"page_id\" value=\"118\" data-field-name=\"page_id\"><\/div><\/div><div  class=\"jet-form-row jet-form-row--hidden\"><div class=\"jet-form-col jet-form-col-12  field-type-hidden  jet-form-field-container\" data-field=\"service_id\" data-conditional=\"false\"><input class=\"jet-form__field hidden-field\" type=\"hidden\" name=\"service_id\" value=\"723\" data-field-name=\"service_id\"><\/div><\/div><div  class=\"jet-form-row jet-form-row--first-visible\"><div class=\"jet-form-col jet-form-col-12  field-type-text  jet-form-field-container\" data-field=\"field_name\" data-conditional=\"false\"><div class=\"jet-form__label\">\n\t<label class=\"jet-form__label-text\" for=\"field_name\">Full name<span class=\"jet-form__required\">*<\/span><\/label>\n\t<\/div><input class=\"jet-form__field text-field\" value=\"\" required=\"required\" name=\"field_name\" id=\"field_name\" type=\"text\" data-field-name=\"field_name\"><\/div><\/div><div  class=\"jet-form-row\"><div class=\"jet-form-col jet-form-col-12  field-type-text  jet-form-field-container\" data-field=\"user_email\" data-conditional=\"false\"><div class=\"jet-form__label\">\n\t<label class=\"jet-form__label-text\" for=\"user_email\">Email<span class=\"jet-form__required\">*<\/span><\/label>\n\t<\/div><input class=\"jet-form__field text-field\" value=\"\" required=\"required\" name=\"user_email\" id=\"user_email\" type=\"email\" data-field-name=\"user_email\"><\/div><\/div><div  class=\"jet-form-row\"><div class=\"jet-form-col jet-form-col-12  field-type-appointment_date  jet-form-field-container\" data-field=\"appointment_date\" data-conditional=\"false\"><div class=\"jet-apb-calendar-wrapper\">\n\t<div class=\"appointment-calendar jet-apb-calendar\" data-args=\"{&quot;booking_type&quot;:&quot;range&quot;,&quot;excludedDates&quot;:[],&quot;datesMode&quot;:&quot;override_full&quot;,&quot;worksDates&quot;:[],&quot;datesRange&quot;:{&quot;start&quot;:0,&quot;end&quot;:0},&quot;availableWeekDays&quot;:[&quot;monday&quot;,&quot;tuesday&quot;,&quot;wednesday&quot;,&quot;thursday&quot;,&quot;friday&quot;],&quot;service&quot;:{&quot;field&quot;:&quot;service_id&quot;},&quot;providerIsset&quot;:false,&quot;provider&quot;:false,&quot;inputName&quot;:&quot;appointment_date&quot;,&quot;isRequired&quot;:true,&quot;allowedServices&quot;:false}\"><\/div>\n\n\t\t<div class=\"jet-apb-calendar-appointments-list-wrapper\" style=\"display: none\">\n\t\t<div class=\"jet-form__heading\">\n\t\t\t<span class=\"jet-form__label-text\">Appointment details:<\/span>\n\t\t<\/div>\n\t\t<div class=\"jet-apb-calendar-appointments-list\"><\/div>\n\t<\/div>\n\t<div class=\"jet-apb-calendar-notification\" style=\"display: none\">\n\t\t<div class=\"jet-apb-calendar-notification-service\">Please, select the service first.<\/div>\n\t\t<div class=\"jet-apb-calendar-notification-provider\">Please, select the provider first.<\/div>\n\t\t<div class=\"jet-apb-calendar-notification-service-field\">Please set service field for current calendar<\/div>\n\t\t<div class=\"jet-apb-calendar-notification-max-slots\">Sorry. You have the max number of appointments.<\/div>\n\t<\/div>\n<\/div>\n<\/div><\/div><div  class=\"jet-form-row jet-form-row--hidden\"><div class=\"jet-form-col jet-form-col-12  field-type-hidden  jet-form-field-container\" data-field=\"mensaje\" data-conditional=\"false\"><input class=\"jet-form__field hidden-field\" type=\"hidden\" name=\"mensaje\" value=\"\" data-field-name=\"mensaje\"><\/div><\/div><div  class=\"jet-form-row\"><div class=\"jet-form-col jet-form-col-12  field-type-checkboxes  jet-form-field-container\" data-field=\"field_name\" data-conditional=\"false\"><div class=\"jet-form__fields-group checkradio-wrap\">\t\t<div class=\"jet-form__field-wrap checkboxes-wrap checkradio-wrap\">\n\t\t\t\t\t\t<label class=\"jet-form__field-label\">\n\t\t\t\t<input\n\t\t\t\t\ttype=\"checkbox\"\n\t\t\t\t\tname=\"field_name\"\n\t\t\t\t\tclass=\"jet-form__field checkboxes-field checkradio-field checkboxes-required\"\n\t\t\t\t\tvalue=\"He le\u00eddo la Pol\u00edtica de Privacidad y acepto el tratamiento de mis datos para el tr\u00e1mite de la solicitud realizada.*\"\n\t\t\t\t\tdata-field-name=\"field_name\"\n\t\t\t\t\t\t\t\t\t\trequired=\"required\"\t\t\t\t\t\t\t\t\t>\n\t\t\t\tI have read the Privacy Policy and I agree to the processing of my personal data for the purpose of handling this request.*\t\t\t<\/label>\n\t\t<\/div>\n\t\t<\/div><\/div><\/div><div  class=\"jet-form-row jet-form-row--submit\"><div class=\"jet-form-col jet-form-col-12  field-type-submit  jet-form-field-container\" data-field=\"Submit\" data-conditional=\"false\"><div class=\"jet-form__submit-wrap\">\n\t\t<button class=\"jet-form__submit submit-type-reload\" type=\"submit\">Book Now<\/button>\n<\/div><\/div><\/div><input class=\"jet-form__field hidden-field\" type=\"hidden\" name=\"_jet_engine_nonce\" value=\"bbbf20eeaf\" data-field-name=\"_jet_engine_nonce\"><input type=\"hidden\" name=\"trp-form-language\" value=\"en-uk\"\/><\/form>\t\t\t\t<\/div>\n\t\t\t\t<\/div>\n\t\t\t\t<\/div>\n\t\t\t\t<\/div>\n\t\t\t\t<\/div>","protected":false},"excerpt":{"rendered":"<p>Cont\u00e1ctanos Estamos a tu disposici\u00f3n para resolver dudas ofrecer asesoramiento t\u00e9cnico o iniciar un nuevo proyecto entejido inteligente cu\u00e9ntanos qu\u00e9 necesitas y te responderemos con rapidez. Estamos a tu disposici\u00f3n para resolver dudas ofrecer asesoramiento t\u00e9cnico o iniciar un nuevo proyecto en tejido inteligente cu\u00e9ntanos qu\u00e9 necesitas y te responderemos con rapidez. Correo electr\u00f3nico ttdo@ttdo.tech [&hellip;]<\/p>","protected":false},"author":1,"featured_media":0,"parent":0,"menu_order":0,"comment_status":"closed","ping_status":"closed","template":"","meta":{"footnotes":""},"class_list":["post-118","page","type-page","status-publish","hentry"],"_links":{"self":[{"href":"https:\/\/www.ttdo.pro\/en-uk\/wp-json\/wp\/v2\/pages\/118","targetHints":{"allow":["GET"]}}],"collection":[{"href":"https:\/\/www.ttdo.pro\/en-uk\/wp-json\/wp\/v2\/pages"}],"about":[{"href":"https:\/\/www.ttdo.pro\/en-uk\/wp-json\/wp\/v2\/types\/page"}],"author":[{"embeddable":true,"href":"https:\/\/www.ttdo.pro\/en-uk\/wp-json\/wp\/v2\/users\/1"}],"replies":[{"embeddable":true,"href":"https:\/\/www.ttdo.pro\/en-uk\/wp-json\/wp\/v2\/comments?post=118"}],"version-history":[{"count":169,"href":"https:\/\/www.ttdo.pro\/en-uk\/wp-json\/wp\/v2\/pages\/118\/revisions"}],"predecessor-version":[{"id":1513,"href":"https:\/\/www.ttdo.pro\/en-uk\/wp-json\/wp\/v2\/pages\/118\/revisions\/1513"}],"wp:attachment":[{"href":"https:\/\/www.ttdo.pro\/en-uk\/wp-json\/wp\/v2\/media?parent=118"}],"curies":[{"name":"wp","href":"https:\/\/api.w.org\/{rel}","templated":true}]}}