{"id":126,"date":"2025-03-01T03:59:23","date_gmt":"2025-03-01T02:59:23","guid":{"rendered":"http:\/\/admin_iu996dyb"},"modified":"2025-04-24T15:51:26","modified_gmt":"2025-04-24T13:51:26","slug":"accesibilidad","status":"publish","type":"page","link":"https:\/\/www.ttdo.pro\/en-uk\/accesibilidad\/","title":{"rendered":"Accessibility"},"content":{"rendered":"<p>TECHNO TEXTILE DOMAINS SRL has committed to making its websites accessible in accordance with Royal Decree 1112\/2018, of September 7, on the accessibility of websites and mobile applications of the public sector.<\/p>\n\n\n\n<p>This accessibility statement applies to the website www.ttdo.pro<\/p>\n\n\n\n<h2 class=\"wp-block-heading\">COMPLIANCE STATUS<\/h2>\n\n\n\n<p>This website is partially compliant with RD 1112\/2018 due to the exceptions and non-compliance of the aspects indicated below.<\/p>\n\n\n\n<h2 class=\"wp-block-heading\">CONTENT NOT ACCESSIBLE<\/h2>\n\n\n\n<p>The content below is not accessible for the following reason:<\/p>\n\n\n\n<ul class=\"wp-block-list\">\n<li>Falta de conformidad con el RD 1112\/2018:\n<ul class=\"wp-block-list\">\n<li>Pueden existir contenidos en otros idiomas en los que no est\u00e1 etiquetado correctamente el cambio de idioma<\/li>\n\n\n\n<li>Los elementos multimedia solo audio pueden no tener alternativa<\/li>\n\n\n\n<li>Pueden existir v\u00eddeos sin subt\u00edtulos<\/li>\n\n\n\n<li>Hay contenido textual sin un contraste suficiente<\/li>\n\n\n\n<li>Se observa como en algunos casos el foco no cumple con el m\u00ednimo ratio de contraste requerido<\/li>\n\n\n\n<li>En alg\u00fan caso puede producirse solapamiento de contenido<\/li>\n\n\n\n<li>Pueden existir documentos PDF con problemas de accesibilidad<\/li>\n<\/ul>\n<\/li>\n\n\n\n<li>Carga desproporcionada:\n<ul class=\"wp-block-list\">\n<li>No aplica.<\/li>\n<\/ul>\n<\/li>\n\n\n\n<li>Contenido no entra dentro del \u00e1mbito de la legislaci\u00f3n aplicable:\n<ul class=\"wp-block-list\">\n<li>Pueden existir documentos en formato PDF publicados antes del 20 de septiembre de 2018 que no cumplan en su totalidad todos los requisitos de accesibilidad.<\/li>\n<\/ul>\n<\/li>\n<\/ul>\n\n\n\n<h2 class=\"wp-block-heading\">PREPARATION OF THIS ACCESSIBILITY STATEMENT<\/h2>\n\n\n\n<p>This statement was prepared on April 14, 2025.<\/p>\n\n\n\n<p>The method used for this declaration has been a self-assessment.<\/p>\n\n\n\n<p>Last review of the statement: April 14, 2025.<\/p>\n\n\n\n<h2 class=\"wp-block-heading\">OBSERVATIONS AND CONTACT INFORMATION<\/h2>\n\n\n\n<p>Communications on accessibility requirements<\/p>\n\n\n\n<p>You can submit communications regarding accessibility requirements (article 10.2.a of RD 1112\/2018) such as, for example:<\/p>\n\n\n\n<ul class=\"wp-block-list\">\n<li>Report any potential violations by this website<\/li>\n\n\n\n<li>To communicate other difficulties in accessing the content<\/li>\n\n\n\n<li>Please submit any other questions or suggestions for improvement related to the accessibility of the website.<\/li>\n<\/ul>\n\n\n\n<p>through the contact form on this website (www.ttdo.pro\/contacto) or via the telephone number: +34671783173<\/p>\n\n\n\n<h2 class=\"wp-block-heading\">REQUESTS FOR ACCESSIBLE INFORMATION AND COMPLAINTS<\/h2>\n\n\n\n<p>You can submit the following through the accessible information request and accessibility complaint form:<\/p>\n\n\n\n<ul class=\"wp-block-list\">\n<li>a Complaint regarding compliance with the requirements of Royal Decree 1112\/2018 or<\/li>\n\n\n\n<li>an accessible Information Request regarding:\n<ul class=\"wp-block-list\">\n<li>contents that are excluded from the scope of application of RD 1112\/2018 as established by article 3, section 4<\/li>\n\n\n\n<li>content that is exempt from compliance with accessibility requirements because it imposes a disproportionate burden.<\/li>\n<\/ul>\n<\/li>\n<\/ul>\n\n\n\n<p>In the Accessible Information Request, the facts, reasons and request that allow verification that it is a reasonable and legitimate request must be specified clearly.<\/p>\n\n\n\n<p class=\"translation-block\">Complaints and claims regarding accessible information will be made through the electronic headquarters (<a href=\"https:\/\/sede.red.gob.es\/procedimientos\/quejas-y-sugerencias\" target=\"_self\" role=\"link\">https:\/\/sede.red.gob.es\/procedimientos\/quejas-y-sugerencias<\/a>), and will be received and processed by the Information Systems area of \u200b\u200bRed.es.<\/p>\n\n\n\n<h2 class=\"wp-block-heading\">APPLICATION PROCEDURE<\/h2>\n\n\n\n<p>If a request for accessible information or a complaint has been rejected, if the decision is not accepted, or if the response does not meet the requirements set out in Article 12.5 of Royal Decree 1112\/2018, the interested party may file a claim. A claim may also be filed if no response has been received.<\/p>\n\n\n\n<p>The complaint procedure set out in article 13 of Royal Decree 1112\/2018 can be initiated through the contact form on this website (www.ttdo.pro\/contacto) or by calling +34671783173<\/p>\n\n\n\n<p>Claims will be received and processed by TECHNO TEXTILE DOMAINS SRL<\/p>\n\n\n\n<h2 class=\"wp-block-heading\">OPTIONAL CONTENT<\/h2>\n\n\n\n<p>The website:<\/p>\n\n\n\n<ul class=\"wp-block-list\">\n<li>It has been designed adapting to current standards and regulations regarding accessibility, complying with the priority 2 (AA) checkpoints defined in the Web Content Accessibility Guidelines (WCAG 2.1) specification.<\/li>\n\n\n\n<li>It is optimized for the latest versions of Chrome, Edge, Firefox, Safari, and Opera.<\/li>\n\n\n\n<li>It is designed for correct viewing on any resolution and device: desktop, tablets or mobile (responsive design)<\/li>\n\n\n\n<li>It was created using HTML5 as the markup language and CSS 3 stylesheets for its design.<\/li>\n<\/ul>\n\n\n\n<p>To change the text font size in major graphical browsers, use the following menus:<\/p>\n\n\n\n<ul class=\"wp-block-list\">\n<li>Internet Explorer, Mozilla and Firefox: View &gt; Text Size<\/li>\n\n\n\n<li>Opera: View &gt; Zoom<\/li>\n\n\n\n<li>Safari: View &gt; Make Text Larger<\/li>\n\n\n\n<li>Chrome: Control current page &gt; Text size<\/li>\n\n\n\n<li>Para modificar el tama\u00f1o de todo en la p\u00e1gina:\n<ul class=\"wp-block-list\">\n<li>Ctrl + + para aumentarlo<\/li>\n\n\n\n<li>Ctrl + \u2013 para disminuirlo<\/li>\n\n\n\n<li>Ctrl + 0 restaura el tama\u00f1o original del texto<\/li>\n\n\n\n<li>Si lo que quiere es anular la hoja de estilos o modificar el color del texto, puede consultar la p\u00e1gina How to Change Text Size or Colors de la WAI, que se puede leer traducida al espa\u00f1ol en \u00bfC\u00f3mo cambiar el tama\u00f1o del texto o colores?<\/li>\n<\/ul>\n<\/li>\n<\/ul>","protected":false},"excerpt":{"rendered":"<p>TECHNO TEXTILE DOMAINS SRL se ha comprometido a hacer accesibles sus Sitios web de conformidad con el Real Decreto 1112\/2018, de 7 de septiembre, sobre accesibilidad de los sitios web y aplicaciones para dispositivos m\u00f3viles del sector p\u00fablico. La presente declaraci\u00f3n de accesibilidad se aplica al sitio web www.ttdo.pro SITUACI\u00d3N DE CUMPLIMIENTO Este sitio web [&hellip;]<\/p>","protected":false},"author":1,"featured_media":0,"parent":0,"menu_order":0,"comment_status":"closed","ping_status":"closed","template":"","meta":{"footnotes":""},"class_list":["post-126","page","type-page","status-publish","hentry"],"_links":{"self":[{"href":"https:\/\/www.ttdo.pro\/en-uk\/wp-json\/wp\/v2\/pages\/126","targetHints":{"allow":["GET"]}}],"collection":[{"href":"https:\/\/www.ttdo.pro\/en-uk\/wp-json\/wp\/v2\/pages"}],"about":[{"href":"https:\/\/www.ttdo.pro\/en-uk\/wp-json\/wp\/v2\/types\/page"}],"author":[{"embeddable":true,"href":"https:\/\/www.ttdo.pro\/en-uk\/wp-json\/wp\/v2\/users\/1"}],"replies":[{"embeddable":true,"href":"https:\/\/www.ttdo.pro\/en-uk\/wp-json\/wp\/v2\/comments?post=126"}],"version-history":[{"count":2,"href":"https:\/\/www.ttdo.pro\/en-uk\/wp-json\/wp\/v2\/pages\/126\/revisions"}],"predecessor-version":[{"id":433,"href":"https:\/\/www.ttdo.pro\/en-uk\/wp-json\/wp\/v2\/pages\/126\/revisions\/433"}],"wp:attachment":[{"href":"https:\/\/www.ttdo.pro\/en-uk\/wp-json\/wp\/v2\/media?parent=126"}],"curies":[{"name":"wp","href":"https:\/\/api.w.org\/{rel}","templated":true}]}}