{"id":534,"date":"2025-06-24T23:25:36","date_gmt":"2025-06-24T21:25:36","guid":{"rendered":"https:\/\/www.ttdo.pro\/?page_id=534"},"modified":"2025-09-09T20:02:51","modified_gmt":"2025-09-09T18:02:51","slug":"proyecto","status":"publish","type":"page","link":"https:\/\/www.ttdo.pro\/en-uk\/proyecto\/","title":{"rendered":"Project"},"content":{"rendered":"<div data-elementor-type=\"wp-page\" data-elementor-id=\"534\" class=\"elementor elementor-534\" data-elementor-post-type=\"page\">\n\t\t\t\t<div class=\"elementor-element elementor-element-2ce1238 e-con-full e-flex e-con e-parent\" data-id=\"2ce1238\" data-element_type=\"container\" data-settings=\"{&quot;background_background&quot;:&quot;classic&quot;}\">\n\t\t<div class=\"elementor-element elementor-element-88e7f26 e-con-full e-flex e-con e-child\" data-id=\"88e7f26\" data-element_type=\"container\" data-settings=\"{&quot;background_background&quot;:&quot;classic&quot;}\">\n\t\t<div class=\"elementor-element elementor-element-a5c2140 e-con-full e-flex e-con e-child\" data-id=\"a5c2140\" data-element_type=\"container\" data-settings=\"{&quot;background_background&quot;:&quot;classic&quot;}\">\n\t\t\t\t<div class=\"elementor-element elementor-element-68574ad elementor-widget__width-initial elementor-widget-tablet__width-inherit elementor-widget elementor-widget-heading\" data-id=\"68574ad\" data-element_type=\"widget\" data-widget_type=\"heading.default\">\n\t\t\t\t<div class=\"elementor-widget-container\">\n\t\t\t\t\t<h1 class=\"elementor-heading-title elementor-size-default\">Project<\/h1>\t\t\t\t<\/div>\n\t\t\t\t<\/div>\n\t\t\t\t<\/div>\n\t\t\t\t<\/div>\n\t\t<div class=\"elementor-element elementor-element-ebdefa1 e-flex e-con-boxed e-con e-child\" data-id=\"ebdefa1\" data-element_type=\"container\" data-settings=\"{&quot;background_background&quot;:&quot;classic&quot;}\">\n\t\t\t\t\t<div class=\"e-con-inner\">\n\t\t<div class=\"elementor-element elementor-element-1469400 e-con-full e-flex e-con e-child\" data-id=\"1469400\" data-element_type=\"container\">\n\t\t\t\t<div class=\"elementor-element elementor-element-24b7cdb elementor-widget__width-initial elementor-widget elementor-widget-heading\" data-id=\"24b7cdb\" data-element_type=\"widget\" data-widget_type=\"heading.default\">\n\t\t\t\t<div class=\"elementor-widget-container\">\n\t\t\t\t\t<h2 class=\"elementor-heading-title elementor-size-default\">Solution and features<\/h2>\t\t\t\t<\/div>\n\t\t\t\t<\/div>\n\t\t\t\t<div class=\"elementor-element elementor-element-2d121e3 elementor-widget__width-initial elementor-hidden-tablet elementor-hidden-mobile elementor-widget elementor-widget-text-editor\" data-id=\"2d121e3\" data-element_type=\"widget\" data-widget_type=\"text-editor.default\">\n\t\t\t\t<div class=\"elementor-widget-container\">\n\t\t\t\t\t\t\t\t\t<p class=\"translation-block\">Smart Clothing solution that integrates miniaturized electronics, 5G connectivity, and blockchain technology to enable seamless interaction between workers, machines, and the industrial environment.<\/p><p class=\"translation-block\">It delivers predictive alerts for machine dowtimes and safety risks without compromising user comfort or workflow. TTDo boosts operational efficiency, reduces workplace accidents, and empowers people through digital transformation towards a safer, smarter, and more connected Industry 5.0.<\/p>\t\t\t\t\t\t\t\t<\/div>\n\t\t\t\t<\/div>\n\t\t\t\t<div class=\"elementor-element elementor-element-0ae366e elementor-widget__width-initial elementor-hidden-desktop elementor-widget elementor-widget-text-editor\" data-id=\"0ae366e\" data-element_type=\"widget\" data-widget_type=\"text-editor.default\">\n\t\t\t\t<div class=\"elementor-widget-container\">\n\t\t\t\t\t\t\t\t\t<p>Soluci\u00f3n basada en un tejido inteligente con electr\u00f3nica miniaturizada, conectividad 5G y tecnolog\u00eda blockchain, dise\u00f1ada para habilitar la interacci\u00f3n entre trabajadores, maquinaria y el entorno industrial.<\/p><p>TTDo proporciona alertas predictivas ante paros de m\u00e1quina y riesgos de seguridad, sin interferir con la ergonom\u00eda ni el flujo de trabajo del usuario. Mejora la eficiencia operativa, reduce accidentes y lidera la transformaci\u00f3n digital de las personas hacia una industria 5.0 m\u00e1s segura, conectada y eficiente.<\/p>\t\t\t\t\t\t\t\t<\/div>\n\t\t\t\t<\/div>\n\t\t\t\t<\/div>\n\t\t<div class=\"elementor-element elementor-element-0fc4820 e-con-full e-flex e-con e-child\" data-id=\"0fc4820\" data-element_type=\"container\" data-settings=\"{&quot;background_background&quot;:&quot;classic&quot;}\">\n\t\t\t\t<\/div>\n\t\t\t\t\t<\/div>\n\t\t\t\t<\/div>\n\t\t<div class=\"elementor-element elementor-element-685aba4 e-flex e-con-boxed e-con e-child\" data-id=\"685aba4\" data-element_type=\"container\" data-settings=\"{&quot;background_background&quot;:&quot;classic&quot;}\">\n\t\t\t\t\t<div class=\"e-con-inner\">\n\t\t<div class=\"elementor-element elementor-element-3f2f2b4 e-con-full e-flex e-con e-child\" data-id=\"3f2f2b4\" data-element_type=\"container\" data-settings=\"{&quot;background_background&quot;:&quot;classic&quot;}\">\n\t\t\t\t<div class=\"elementor-element elementor-element-8ffa0a0 elementor-widget__width-initial elementor-widget elementor-widget-heading\" data-id=\"8ffa0a0\" data-element_type=\"widget\" data-widget_type=\"heading.default\">\n\t\t\t\t<div class=\"elementor-widget-container\">\n\t\t\t\t\t<h2 class=\"elementor-heading-title elementor-size-default\">Safety<\/h2>\t\t\t\t<\/div>\n\t\t\t\t<\/div>\n\t\t<div class=\"elementor-element elementor-element-b8825c1 e-con-full e-flex e-con e-child\" data-id=\"b8825c1\" data-element_type=\"container\">\n\t\t\t\t<div class=\"elementor-element elementor-element-362d95f elementor-widget__width-initial elementor-widget elementor-widget-text-editor\" data-id=\"362d95f\" data-element_type=\"widget\" data-widget_type=\"text-editor.default\">\n\t\t\t\t<div class=\"elementor-widget-container\">\n\t\t\t\t\t\t\t\t\t<ul><li><strong>Zero-Accident Strategy<br \/><\/strong># Mitigating entrapment risks with industrial machinery<br \/># Preventing run-over incidents involving mobile equipment<\/li><\/ul>\t\t\t\t\t\t\t\t<\/div>\n\t\t\t\t<\/div>\n\t\t\t\t<div class=\"elementor-element elementor-element-3562de4 elementor-widget__width-initial elementor-widget elementor-widget-text-editor\" data-id=\"3562de4\" data-element_type=\"widget\" data-widget_type=\"text-editor.default\">\n\t\t\t\t<div class=\"elementor-widget-container\">\n\t\t\t\t\t\t\t\t\t<ul><li><strong>Safety &amp; Accident management<br \/><\/strong># Alerts in hazardous situations<br \/># Detection of impacts and falls<br \/># Temperature monitoring<br \/># Optimized evacuation and rescue operations<\/li><\/ul>\t\t\t\t\t\t\t\t<\/div>\n\t\t\t\t<\/div>\n\t\t\t\t<\/div>\n\t\t\t\t<div class=\"elementor-element elementor-element-655f14e elementor-mobile-align-center elementor-widget elementor-widget-button\" data-id=\"655f14e\" data-element_type=\"widget\" data-widget_type=\"button.default\">\n\t\t\t\t<div class=\"elementor-widget-container\">\n\t\t\t\t\t\t\t\t\t<div class=\"elementor-button-wrapper\">\n\t\t\t\t\t<a class=\"elementor-button elementor-button-link elementor-size-sm\" href=\"https:\/\/www.ttdo.pro\/en-uk\/proyecto\/seguridad\/\">\n\t\t\t\t\t\t<span class=\"elementor-button-content-wrapper\">\n\t\t\t\t\t\t<span class=\"elementor-button-icon\">\n\t\t\t\t<svg aria-hidden=\"true\" class=\"e-font-icon-svg e-fas-chevron-right\" viewbox=\"0 0 320 512\" xmlns=\"http:\/\/www.w3.org\/2000\/svg\"><path d=\"M285.476 272.971L91.132 467.314c-9.373 9.373-24.569 9.373-33.941 0l-22.667-22.667c-9.357-9.357-9.375-24.522-.04-33.901L188.505 256 34.484 101.255c-9.335-9.379-9.317-24.544.04-33.901l22.667-22.667c9.373-9.373 24.569-9.373 33.941 0L285.475 239.03c9.373 9.372 9.373 24.568.001 33.941z\"><\/path><\/svg>\t\t\t<\/span>\n\t\t\t\t\t\t\t\t\t<span class=\"elementor-button-text\">More<\/span>\n\t\t\t\t\t<\/span>\n\t\t\t\t\t<\/a>\n\t\t\t\t<\/div>\n\t\t\t\t\t\t\t\t<\/div>\n\t\t\t\t<\/div>\n\t\t\t\t<\/div>\n\t\t<div class=\"elementor-element elementor-element-23a6383 e-con-full e-flex e-con e-child\" data-id=\"23a6383\" data-element_type=\"container\" data-settings=\"{&quot;background_background&quot;:&quot;classic&quot;}\">\n\t\t\t\t<div class=\"elementor-element elementor-element-369a06f elementor-widget__width-initial elementor-widget elementor-widget-heading\" data-id=\"369a06f\" data-element_type=\"widget\" data-widget_type=\"heading.default\">\n\t\t\t\t<div class=\"elementor-widget-container\">\n\t\t\t\t\t<h2 class=\"elementor-heading-title elementor-size-default\">Efficiency<\/h2>\t\t\t\t<\/div>\n\t\t\t\t<\/div>\n\t\t<div class=\"elementor-element elementor-element-ccb5fdb e-con-full e-flex e-con e-child\" data-id=\"ccb5fdb\" data-element_type=\"container\">\n\t\t\t\t<div class=\"elementor-element elementor-element-50f00ac elementor-widget__width-initial elementor-widget elementor-widget-text-editor\" data-id=\"50f00ac\" data-element_type=\"widget\" data-widget_type=\"text-editor.default\">\n\t\t\t\t<div class=\"elementor-widget-container\">\n\t\t\t\t\t\t\t\t\t<ul><li><strong>Efficiency<br \/><\/strong># Efficiency Improvement<br \/># Preventive alerts for machine stoppage<br \/># Instant alerts for unexpected machine stoppage<\/li><\/ul>\t\t\t\t\t\t\t\t<\/div>\n\t\t\t\t<\/div>\n\t\t\t\t<div class=\"elementor-element elementor-element-2d36e44 elementor-widget__width-initial elementor-widget elementor-widget-text-editor\" data-id=\"2d36e44\" data-element_type=\"widget\" data-widget_type=\"text-editor.default\">\n\t\t\t\t<div class=\"elementor-widget-container\">\n\t\t\t\t\t\t\t\t\t<ul><li><strong>Industrial Operations<br \/><\/strong># Time Tracking<br \/># Access control<br \/># Heat mapping<\/li><\/ul>\t\t\t\t\t\t\t\t<\/div>\n\t\t\t\t<\/div>\n\t\t\t\t<\/div>\n\t\t\t\t<div class=\"elementor-element elementor-element-b289c98 elementor-mobile-align-center elementor-widget elementor-widget-button\" data-id=\"b289c98\" data-element_type=\"widget\" data-widget_type=\"button.default\">\n\t\t\t\t<div class=\"elementor-widget-container\">\n\t\t\t\t\t\t\t\t\t<div class=\"elementor-button-wrapper\">\n\t\t\t\t\t<a class=\"elementor-button elementor-button-link elementor-size-sm\" href=\"https:\/\/www.ttdo.pro\/en-uk\/proyecto\/eficiencia\/\">\n\t\t\t\t\t\t<span class=\"elementor-button-content-wrapper\">\n\t\t\t\t\t\t<span class=\"elementor-button-icon\">\n\t\t\t\t<svg aria-hidden=\"true\" class=\"e-font-icon-svg e-fas-chevron-right\" viewbox=\"0 0 320 512\" xmlns=\"http:\/\/www.w3.org\/2000\/svg\"><path d=\"M285.476 272.971L91.132 467.314c-9.373 9.373-24.569 9.373-33.941 0l-22.667-22.667c-9.357-9.357-9.375-24.522-.04-33.901L188.505 256 34.484 101.255c-9.335-9.379-9.317-24.544.04-33.901l22.667-22.667c9.373-9.373 24.569-9.373 33.941 0L285.475 239.03c9.373 9.372 9.373 24.568.001 33.941z\"><\/path><\/svg>\t\t\t<\/span>\n\t\t\t\t\t\t\t\t\t<span class=\"elementor-button-text\">More<\/span>\n\t\t\t\t\t<\/span>\n\t\t\t\t\t<\/a>\n\t\t\t\t<\/div>\n\t\t\t\t\t\t\t\t<\/div>\n\t\t\t\t<\/div>\n\t\t\t\t<\/div>\n\t\t\t\t\t<\/div>\n\t\t\t\t<\/div>\n\t\t\t\t<\/div>\n\t\t\t\t<\/div>","protected":false},"excerpt":{"rendered":"<p>Proyecto Soluci\u00f3n y caracter\u00edsticas Soluci\u00f3n basada en un tejido inteligente con electr\u00f3nica miniaturizada,conectividad 5G y tecnolog\u00eda blockchain, dise\u00f1ada para habilitar la interacci\u00f3nentre trabajadores, maquinaria y el entorno industrial. TTDo proporciona alertas predictivas ante paros de m\u00e1quina y riesgos deseguridad, sin interferir con la ergonom\u00eda ni el flujo de trabajo del usuario.Mejora la eficiencia operativa, reduce [&hellip;]<\/p>","protected":false},"author":1,"featured_media":0,"parent":0,"menu_order":0,"comment_status":"closed","ping_status":"closed","template":"elementor_header_footer","meta":{"footnotes":""},"class_list":["post-534","page","type-page","status-publish","hentry"],"_links":{"self":[{"href":"https:\/\/www.ttdo.pro\/en-uk\/wp-json\/wp\/v2\/pages\/534","targetHints":{"allow":["GET"]}}],"collection":[{"href":"https:\/\/www.ttdo.pro\/en-uk\/wp-json\/wp\/v2\/pages"}],"about":[{"href":"https:\/\/www.ttdo.pro\/en-uk\/wp-json\/wp\/v2\/types\/page"}],"author":[{"embeddable":true,"href":"https:\/\/www.ttdo.pro\/en-uk\/wp-json\/wp\/v2\/users\/1"}],"replies":[{"embeddable":true,"href":"https:\/\/www.ttdo.pro\/en-uk\/wp-json\/wp\/v2\/comments?post=534"}],"version-history":[{"count":55,"href":"https:\/\/www.ttdo.pro\/en-uk\/wp-json\/wp\/v2\/pages\/534\/revisions"}],"predecessor-version":[{"id":1453,"href":"https:\/\/www.ttdo.pro\/en-uk\/wp-json\/wp\/v2\/pages\/534\/revisions\/1453"}],"wp:attachment":[{"href":"https:\/\/www.ttdo.pro\/en-uk\/wp-json\/wp\/v2\/media?parent=534"}],"curies":[{"name":"wp","href":"https:\/\/api.w.org\/{rel}","templated":true}]}}