{"id":675,"date":"2025-07-30T00:27:45","date_gmt":"2025-07-29T22:27:45","guid":{"rendered":"https:\/\/www.ttdo.pro\/?page_id=675"},"modified":"2025-08-21T20:58:32","modified_gmt":"2025-08-21T18:58:32","slug":"seguridad","status":"publish","type":"page","link":"https:\/\/www.ttdo.pro\/en-uk\/proyecto\/seguridad\/","title":{"rendered":"Safety"},"content":{"rendered":"<div data-elementor-type=\"wp-page\" data-elementor-id=\"675\" class=\"elementor elementor-675\" data-elementor-post-type=\"page\">\n\t\t\t\t<div class=\"elementor-element elementor-element-3c2e82a e-con-full e-flex e-con e-child\" data-id=\"3c2e82a\" data-element_type=\"container\" data-settings=\"{&quot;background_background&quot;:&quot;classic&quot;}\">\n\t\t<div class=\"elementor-element elementor-element-ad7fd36 e-con-full e-flex e-con e-child\" data-id=\"ad7fd36\" data-element_type=\"container\" data-settings=\"{&quot;background_background&quot;:&quot;classic&quot;}\">\n\t\t\t\t<div class=\"elementor-element elementor-element-cb055cd elementor-widget__width-initial elementor-widget-tablet__width-inherit elementor-widget elementor-widget-heading\" data-id=\"cb055cd\" data-element_type=\"widget\" data-widget_type=\"heading.default\">\n\t\t\t\t<div class=\"elementor-widget-container\">\n\t\t\t\t\t<h1 class=\"elementor-heading-title elementor-size-default\">Safety<\/h1>\t\t\t\t<\/div>\n\t\t\t\t<\/div>\n\t\t\t\t<\/div>\n\t\t\t\t<\/div>\n\t\t<div class=\"elementor-element elementor-element-cec1561 e-flex e-con-boxed e-con e-child\" data-id=\"cec1561\" data-element_type=\"container\">\n\t\t\t\t\t<div class=\"e-con-inner\">\n\t\t<div class=\"elementor-element elementor-element-f34ce67 e-con-full e-flex e-con e-child\" data-id=\"f34ce67\" data-element_type=\"container\" data-settings=\"{&quot;background_background&quot;:&quot;classic&quot;}\">\n\t\t\t\t<\/div>\n\t\t<div class=\"elementor-element elementor-element-7f7bb88 e-con-full e-flex e-con e-child\" data-id=\"7f7bb88\" data-element_type=\"container\">\n\t\t\t\t<div class=\"elementor-element elementor-element-7c9a95e elementor-widget__width-initial elementor-widget elementor-widget-heading\" data-id=\"7c9a95e\" data-element_type=\"widget\" data-widget_type=\"heading.default\">\n\t\t\t\t<div class=\"elementor-widget-container\">\n\t\t\t\t\t<div class=\"elementor-heading-title elementor-size-default\">Zero-Accident Strategy<\/div>\t\t\t\t<\/div>\n\t\t\t\t<\/div>\n\t\t\t\t<div class=\"elementor-element elementor-element-fbdfc7f elementor-widget__width-initial elementor-hidden-tablet elementor-hidden-mobile elementor-widget elementor-widget-text-editor\" data-id=\"fbdfc7f\" data-element_type=\"widget\" data-widget_type=\"text-editor.default\">\n\t\t\t\t<div class=\"elementor-widget-container\">\n\t\t\t\t\t\t\t\t\t<p>Nuestro sistema de ropa inteligente permite aplicar medidas de<br \/>seguridad conectadas, que previenen accidentes y gestionan<br \/>situaciones de riesgo en tiempo real. La integraci\u00f3n de sensores,<br \/>conectividad 5G y electr\u00f3nica miniaturizada garantiza una respuesta<br \/>inmediata sin comprometer la ergonom\u00eda del trabajador.<\/p>\t\t\t\t\t\t\t\t<\/div>\n\t\t\t\t<\/div>\n\t\t\t\t<div class=\"elementor-element elementor-element-89bc948 elementor-widget__width-initial elementor-hidden-desktop elementor-widget elementor-widget-text-editor\" data-id=\"89bc948\" data-element_type=\"widget\" data-widget_type=\"text-editor.default\">\n\t\t\t\t<div class=\"elementor-widget-container\">\n\t\t\t\t\t\t\t\t\t<p>Nuestro sistema de ropa inteligente permite aplicar medidas de seguridad conectadas, que previenen accidentes y gestionan situaciones de riesgo en tiempo real. La integraci\u00f3n de sensores, conectividad 5G y electr\u00f3nica miniaturizada garantiza una respuesta inmediata sin comprometer la ergonom\u00eda del trabajador.<\/p>\t\t\t\t\t\t\t\t<\/div>\n\t\t\t\t<\/div>\n\t\t\t\t<\/div>\n\t\t\t\t\t<\/div>\n\t\t\t\t<\/div>\n\t\t<div class=\"elementor-element elementor-element-c034313 e-flex e-con-boxed e-con e-child\" data-id=\"c034313\" data-element_type=\"container\">\n\t\t\t\t\t<div class=\"e-con-inner\">\n\t\t<div class=\"elementor-element elementor-element-f4bacf2 e-con-full e-flex e-con e-child\" data-id=\"f4bacf2\" data-element_type=\"container\" data-settings=\"{&quot;background_background&quot;:&quot;classic&quot;}\">\n\t\t\t\t<\/div>\n\t\t<div class=\"elementor-element elementor-element-ff1d719 e-con-full e-flex e-con e-child\" data-id=\"ff1d719\" data-element_type=\"container\">\n\t\t\t\t<div class=\"elementor-element elementor-element-3b33f66 elementor-widget__width-initial elementor-widget elementor-widget-heading\" data-id=\"3b33f66\" data-element_type=\"widget\" data-widget_type=\"heading.default\">\n\t\t\t\t<div class=\"elementor-widget-container\">\n\t\t\t\t\t<div class=\"elementor-heading-title elementor-size-default\">Gesti\u00f3n de la Seguridad &amp; Accidentes<\/div>\t\t\t\t<\/div>\n\t\t\t\t<\/div>\n\t\t\t\t<div class=\"elementor-element elementor-element-c05f780 elementor-widget__width-initial elementor-hidden-tablet elementor-hidden-mobile elementor-widget elementor-widget-text-editor\" data-id=\"c05f780\" data-element_type=\"widget\" data-widget_type=\"text-editor.default\">\n\t\t\t\t<div class=\"elementor-widget-container\">\n\t\t\t\t\t\t\t\t\t<p><strong>Por atrapamientos con maquinaria industrial<br \/><\/strong>El sistema detecta proximidad o patrones de movimiento que indican<br \/>riesgo de atrapamiento, y activa una alerta inmediata al operario y al<br \/>sistema central.<\/p><p><strong>Por atropellamientos con elementos m\u00f3viles<br \/><\/strong>Mediante sensores de proximidad, se emiten se\u00f1ales de advertencia<br \/>ante el riesgo de colisi\u00f3n con veh\u00edculos industriales o maquinaria<br \/>aut\u00f3noma.<\/p>\t\t\t\t\t\t\t\t<\/div>\n\t\t\t\t<\/div>\n\t\t\t\t<div class=\"elementor-element elementor-element-376a15e elementor-widget__width-initial elementor-hidden-desktop elementor-widget elementor-widget-text-editor\" data-id=\"376a15e\" data-element_type=\"widget\" data-widget_type=\"text-editor.default\">\n\t\t\t\t<div class=\"elementor-widget-container\">\n\t\t\t\t\t\t\t\t\t<p><strong>Por atrapamientos con maquinaria industrial<br \/><\/strong>El sistema detecta proximidad o patrones de movimiento que indican riesgo de atrapamiento, y activa una alerta inmediata al operario y al sistema central.<\/p><p><strong>Por atropellamientos con elementos m\u00f3viles<br \/><\/strong>Mediante sensores de proximidad, se emiten se\u00f1ales de advertencia ante el riesgo de colisi\u00f3n con veh\u00edculos industriales o maquinaria aut\u00f3noma.<\/p>\t\t\t\t\t\t\t\t<\/div>\n\t\t\t\t<\/div>\n\t\t\t\t<\/div>\n\t\t\t\t\t<\/div>\n\t\t\t\t<\/div>\n\t\t<div class=\"elementor-element elementor-element-c74e2a2 e-flex e-con-boxed e-con e-child\" data-id=\"c74e2a2\" data-element_type=\"container\">\n\t\t\t\t\t<div class=\"e-con-inner\">\n\t\t<div class=\"elementor-element elementor-element-b1b04ec e-con-full e-flex e-con e-child\" data-id=\"b1b04ec\" data-element_type=\"container\" data-settings=\"{&quot;background_background&quot;:&quot;classic&quot;}\">\n\t\t\t\t<\/div>\n\t\t<div class=\"elementor-element elementor-element-ec954f3 e-con-full e-flex e-con e-child\" data-id=\"ec954f3\" data-element_type=\"container\">\n\t\t\t\t<div class=\"elementor-element elementor-element-06e33ab elementor-widget__width-initial elementor-widget elementor-widget-heading\" data-id=\"06e33ab\" data-element_type=\"widget\" data-widget_type=\"heading.default\">\n\t\t\t\t<div class=\"elementor-widget-container\">\n\t\t\t\t\t<div class=\"elementor-heading-title elementor-size-default\">Gesti\u00f3n de la seguridad<\/div>\t\t\t\t<\/div>\n\t\t\t\t<\/div>\n\t\t\t\t<div class=\"elementor-element elementor-element-917f0cf elementor-widget__width-initial elementor-hidden-tablet elementor-hidden-mobile elementor-widget elementor-widget-text-editor\" data-id=\"917f0cf\" data-element_type=\"widget\" data-widget_type=\"text-editor.default\">\n\t\t\t\t<div class=\"elementor-widget-container\">\n\t\t\t\t\t\t\t\t\t<p><strong>Alertas en situaciones de peligro<br \/><\/strong>El sistema genera alertas en tiempo real al detectar variables que<br \/>comprometen la seguridad del operario, facilitando una reacci\u00f3n r\u00e1pida.<\/p><p><strong>Detecci\u00f3n de golpes y ca\u00eddas<br \/><\/strong>Incluye sensores de impacto que identifican ca\u00eddas o golpes, activando<br \/>protocolos autom\u00e1ticos de revisi\u00f3n o asistencia.<\/p><p><strong>Control de temperatura<br \/><\/strong>Mide y monitoriza las condiciones t\u00e9rmicas del entorno o del propio<br \/>operario, ayudando a evitar situaciones de riesgo por calor o fr\u00edo<br \/>extremos.<\/p><p><strong>Optimizaci\u00f3n de evacuaciones y rescates<br \/><\/strong>Proporciona datos de localizaci\u00f3n y condici\u00f3n del trabajador, facilitando<br \/>rutas de evacuaci\u00f3n m\u00e1s efectivas o intervenciones m\u00e1s precisas en<br \/>caso de accidente.<\/p>\t\t\t\t\t\t\t\t<\/div>\n\t\t\t\t<\/div>\n\t\t\t\t<div class=\"elementor-element elementor-element-d2e69ca elementor-widget__width-initial elementor-hidden-desktop elementor-widget elementor-widget-text-editor\" data-id=\"d2e69ca\" data-element_type=\"widget\" data-widget_type=\"text-editor.default\">\n\t\t\t\t<div class=\"elementor-widget-container\">\n\t\t\t\t\t\t\t\t\t<p><strong>Alertas en situaciones de peligro<br \/><\/strong>El sistema genera alertas en tiempo real al detectar variables que comprometen la seguridad del operario, facilitando una reacci\u00f3n r\u00e1pida.<\/p><p><strong>Detecci\u00f3n de golpes y ca\u00eddas<br \/><\/strong>Incluye sensores de impacto que identifican ca\u00eddas o golpes, activando protocolos autom\u00e1ticos de revisi\u00f3n o asistencia.<\/p><p><strong>Control de temperatura<br \/><\/strong>Mide y monitoriza las condiciones t\u00e9rmicas del entorno o del propio operario, ayudando a evitar situaciones de riesgo por calor o fr\u00edo extremos.<\/p><p><strong>Optimizaci\u00f3n de evacuaciones y rescates<br \/><\/strong>Proporciona datos de localizaci\u00f3n y condici\u00f3n del trabajador, facilitando rutas de evacuaci\u00f3n m\u00e1s efectivas o intervenciones m\u00e1s precisas en caso de accidente.<\/p>\t\t\t\t\t\t\t\t<\/div>\n\t\t\t\t<\/div>\n\t\t\t\t<\/div>\n\t\t\t\t\t<\/div>\n\t\t\t\t<\/div>\n\t\t\t\t<\/div>","protected":false},"excerpt":{"rendered":"<p>Estrategia Cero-Accidentes Nuestro sistema de ropa inteligente permite aplicar medidas deseguridad conectadas, que previenen accidentes y gestionansituaciones de riesgo en tiempo real. La integraci\u00f3n de sensores,conectividad 5G y electr\u00f3nica miniaturizada garantiza una respuestainmediata sin comprometer la ergonom\u00eda del trabajador. Nuestro sistema de ropa inteligente permite aplicar medidas de seguridad conectadas, que previenen accidentes y gestionan [&hellip;]<\/p>","protected":false},"author":1,"featured_media":0,"parent":534,"menu_order":0,"comment_status":"closed","ping_status":"closed","template":"","meta":{"footnotes":""},"class_list":["post-675","page","type-page","status-publish","hentry"],"_links":{"self":[{"href":"https:\/\/www.ttdo.pro\/en-uk\/wp-json\/wp\/v2\/pages\/675","targetHints":{"allow":["GET"]}}],"collection":[{"href":"https:\/\/www.ttdo.pro\/en-uk\/wp-json\/wp\/v2\/pages"}],"about":[{"href":"https:\/\/www.ttdo.pro\/en-uk\/wp-json\/wp\/v2\/types\/page"}],"author":[{"embeddable":true,"href":"https:\/\/www.ttdo.pro\/en-uk\/wp-json\/wp\/v2\/users\/1"}],"replies":[{"embeddable":true,"href":"https:\/\/www.ttdo.pro\/en-uk\/wp-json\/wp\/v2\/comments?post=675"}],"version-history":[{"count":16,"href":"https:\/\/www.ttdo.pro\/en-uk\/wp-json\/wp\/v2\/pages\/675\/revisions"}],"predecessor-version":[{"id":981,"href":"https:\/\/www.ttdo.pro\/en-uk\/wp-json\/wp\/v2\/pages\/675\/revisions\/981"}],"up":[{"embeddable":true,"href":"https:\/\/www.ttdo.pro\/en-uk\/wp-json\/wp\/v2\/pages\/534"}],"wp:attachment":[{"href":"https:\/\/www.ttdo.pro\/en-uk\/wp-json\/wp\/v2\/media?parent=675"}],"curies":[{"name":"wp","href":"https:\/\/api.w.org\/{rel}","templated":true}]}}